{"id":20920,"date":"2021-11-25T15:45:33","date_gmt":"2021-11-25T14:45:33","guid":{"rendered":"https:\/\/wpstaging.timetrackapp.com\/info-center\/skills\/"},"modified":"2024-07-22T11:54:16","modified_gmt":"2024-07-22T09:54:16","slug":"skills","status":"publish","type":"page","link":"https:\/\/wpstaging.timetrackapp.com\/en\/info-center\/skills\/","title":{"rendered":"Skills"},"content":{"rendered":"\n<style type=\"text\/css\" data-created_by=\"avia_inline_auto\" id=\"style-css-av-1v69ou-d6ec61d192c92a925875a42d86102126\">\n.avia-section.av-1v69ou-d6ec61d192c92a925875a42d86102126{\nbackground-repeat:no-repeat;\nbackground-image:url(https:\/\/wpstaging.timetrackapp.com\/wp-content\/uploads\/2022\/04\/header-4.png);\nbackground-position:50% 50%;\nbackground-attachment:scroll;\n}\n<\/style>\n<div id='av_section_1'  class='avia-section av-1v69ou-d6ec61d192c92a925875a42d86102126 main_color avia-section-no-padding avia-no-border-styling  avia-builder-el-0  el_before_av_section  avia-builder-el-first  avia-bg-style-scroll av-minimum-height av-minimum-height-custom av-height-custom  container_wrap fullsize'  data-section-bg-repeat='no-repeat' data-av_minimum_height_px='500'><div class='container av-section-cont-open' style='height:500px'><main  role=\"main\" itemprop=\"mainContentOfPage\"  class='template-page content  av-content-full alpha units'><div class='post-entry post-entry-type-page post-entry-20920'><div class='entry-content-wrapper clearfix'>\n\n<style type=\"text\/css\" data-created_by=\"avia_inline_auto\" id=\"style-css-av-k6gpvyjr-f9486aa3c1fabed267f0773df6d7b850\">\n#top .av_textblock_section.av-k6gpvyjr-f9486aa3c1fabed267f0773df6d7b850 .avia_textblock{\ncolor:#ffffff;\n}\n<\/style>\n<section  class='av_textblock_section av-k6gpvyjr-f9486aa3c1fabed267f0773df6d7b850 '   itemscope=\"itemscope\" itemtype=\"https:\/\/schema.org\/CreativeWork\" ><div class='avia_textblock av_inherit_color'  itemprop=\"text\" ><h1 class=\"custom_h1\">Skills<\/h1>\n<\/div><\/section>\n\n<\/div><\/div><\/main><!-- close content main element --><\/div><\/div>\n<style type=\"text\/css\" data-created_by=\"avia_inline_auto\" id=\"style-css-av-k6gtk28y-8b4163c2a0944ea231484dec6f658ff0\">\n.avia-section.av-k6gtk28y-8b4163c2a0944ea231484dec6f658ff0{\nbackground-color:#fffcfc;\nbackground-image:unset;\n}\n<\/style>\n<div id='macbook-flex-mobile'  class='avia-section av-k6gtk28y-8b4163c2a0944ea231484dec6f658ff0 main_color avia-section-large avia-no-border-styling  avia-builder-el-2  el_after_av_section  el_before_av_section  avia-bg-style-scroll container_wrap fullsize'  ><div class='container av-section-cont-open' ><div class='template-page content  av-content-full alpha units'><div class='post-entry post-entry-type-page post-entry-20920'><div class='entry-content-wrapper clearfix'>\n<div class='flex_column_table av-24ucjy-69b24472c7117e37ff43435e82130bc9 sc-av_two_fifth av-equal-height-column-flextable'>\n<style type=\"text\/css\" data-created_by=\"avia_inline_auto\" id=\"style-css-av-24ucjy-69b24472c7117e37ff43435e82130bc9\">\n.flex_column.av-24ucjy-69b24472c7117e37ff43435e82130bc9{\nborder-radius:0px 0px 0px 0px;\npadding:0px 0px 0px 0px;\n}\n<\/style>\n<div  class='flex_column av-24ucjy-69b24472c7117e37ff43435e82130bc9 av_two_fifth  avia-builder-el-3  el_before_av_three_fifth  avia-builder-el-first  first flex_column_table_cell av-equal-height-column av-align-middle av-animated-generic left-to-right av-zero-column-padding  '     ><style type=\"text\/css\" data-created_by=\"avia_inline_auto\" id=\"style-css-av-1iu3cte-ef07cfa8c5afc79e3e0357a602362acc\">\n.avia-image-container.av-1iu3cte-ef07cfa8c5afc79e3e0357a602362acc img.avia_image{\nbox-shadow:none;\n}\n.avia-image-container.av-1iu3cte-ef07cfa8c5afc79e3e0357a602362acc .av-image-caption-overlay-center{\ncolor:#ffffff;\n}\n<\/style>\n<div  class='avia-image-container av-1iu3cte-ef07cfa8c5afc79e3e0357a602362acc av-styling- av-img-linked avia-align-center  avia-builder-el-4  avia-builder-el-no-sibling '   itemprop=\"image\" itemscope=\"itemscope\" itemtype=\"https:\/\/schema.org\/ImageObject\" ><div class=\"avia-image-container-inner\"><div class=\"avia-image-overlay-wrap\"><a href=\"https:\/\/wpstaging.timetrackapp.com\/wp-content\/uploads\/2021\/11\/skills-definieren-1-1030x648.png\" data-srcset=\"https:\/\/wpstaging.timetrackapp.com\/wp-content\/uploads\/2021\/11\/skills-definieren-1-1030x648.png 1030w, https:\/\/wpstaging.timetrackapp.com\/wp-content\/uploads\/2021\/11\/skills-definieren-1-300x189.png 300w, https:\/\/wpstaging.timetrackapp.com\/wp-content\/uploads\/2021\/11\/skills-definieren-1-768x483.png 768w, https:\/\/wpstaging.timetrackapp.com\/wp-content\/uploads\/2021\/11\/skills-definieren-1-705x443.png 705w, https:\/\/wpstaging.timetrackapp.com\/wp-content\/uploads\/2021\/11\/skills-definieren-1-595xh.png 595w, https:\/\/wpstaging.timetrackapp.com\/wp-content\/uploads\/2021\/11\/skills-definieren-1.png 1283w\" data-sizes=\"(max-width: 1030px) 100vw, 1030px\" class='avia_image '  aria-label='skills-definieren'><img decoding=\"async\" fetchpriority=\"high\" class='wp-image-20264 avia-img-lazy-loading-not-20264 avia_image ' src=\"https:\/\/wpstaging.timetrackapp.com\/wp-content\/uploads\/2021\/11\/skills-definieren-1.png\" alt='Skills der Mitarbeiter - Skills definieren' title='skills-definieren'  height=\"807\" width=\"1283\"  itemprop=\"thumbnailUrl\" srcset=\"https:\/\/wpstaging.timetrackapp.com\/wp-content\/uploads\/2021\/11\/skills-definieren-1.png 1283w, https:\/\/wpstaging.timetrackapp.com\/wp-content\/uploads\/2021\/11\/skills-definieren-1-300x189.png 300w, https:\/\/wpstaging.timetrackapp.com\/wp-content\/uploads\/2021\/11\/skills-definieren-1-1030x648.png 1030w, https:\/\/wpstaging.timetrackapp.com\/wp-content\/uploads\/2021\/11\/skills-definieren-1-768x483.png 768w, https:\/\/wpstaging.timetrackapp.com\/wp-content\/uploads\/2021\/11\/skills-definieren-1-705x443.png 705w, https:\/\/wpstaging.timetrackapp.com\/wp-content\/uploads\/2021\/11\/skills-definieren-1-595xh.png 595w\" sizes=\"(max-width: 1283px) 100vw, 1283px\" \/><\/a><\/div><\/div><\/div><\/div><div class='av-flex-placeholder'><\/div>\n<style type=\"text\/css\" data-created_by=\"avia_inline_auto\" id=\"style-css-av-4sc29q-39efc36308f0323db3e541535d187f17\">\n.flex_column.av-4sc29q-39efc36308f0323db3e541535d187f17{\nborder-radius:0px 0px 0px 0px;\npadding:0px 0px 0px 0px;\n}\n<\/style>\n<div  class='flex_column av-4sc29q-39efc36308f0323db3e541535d187f17 av_three_fifth  avia-builder-el-5  el_after_av_two_fifth  avia-builder-el-last  flex_column_table_cell av-equal-height-column av-align-middle av-zero-column-padding  '     ><section  class='av_textblock_section av-k6gu7ltz-588363cfafdbc7567a53b63bca9ace09 '   itemscope=\"itemscope\" itemtype=\"https:\/\/schema.org\/CreativeWork\" ><div class='avia_textblock'  itemprop=\"text\" ><h2>Skills definieren<\/h2>\n<hr \/>\n<p><span style=\"font-weight: 400;\">Was unseren Dienstplan so besonders macht ist, dass Sie Ihren Mitarbeitern <\/span><strong>Skills<\/strong> <span style=\"font-weight: 400;\">zuweisen k\u00f6nnen. Dadurch k\u00f6nnen Sie Ihre Schichten nach Arbeitsbereichen und zus\u00e4tzlich nach den daf\u00fcr ben\u00f6tigten fachlichen F\u00e4higkeiten definieren. <\/span><span style=\"font-weight: 400;\">Legen Sie diese unter <\/span><strong>Dienstplan<\/strong> <span style=\"font-weight: 400;\">&gt; <\/span><strong>Schichtplan<\/strong> <span style=\"font-weight: 400;\">&gt; <\/span><strong>Skills<\/strong> <span style=\"font-weight: 400;\">an.\u00a0<\/span><\/p>\n<p><span style=\"font-weight: 400;\">Es gibt einen von uns vordefinierten Standard Skill: <\/span><strong>Mitarbeiter<\/strong><span style=\"font-weight: 400;\">. Alle weiteren Skills die bei Ihnen vertreten sind, legen Sie ganz einfach mit dem blauen Button <\/span><strong>Neuer Skill<\/strong> <span style=\"font-weight: 400;\">an. Tragen Sie den Namen des Skills ein, f\u00fcgen Sie eine Farbe hinzuf\u00fcgen und <\/span><strong>Speichern<\/strong> <span style=\"font-weight: 400;\">ihn ab. <\/span><\/p>\n<\/div><\/section><\/div><\/div><!--close column table wrapper. Autoclose: 1 -->\n\n<\/div><\/div><\/div><!-- close content main div --><\/div><\/div>\n<style type=\"text\/css\" data-created_by=\"avia_inline_auto\" id=\"style-css-av-k6gtk28y-4e19c8dba57f8c7b51915cbe11721811\">\n.avia-section.av-k6gtk28y-4e19c8dba57f8c7b51915cbe11721811{\nbackground-color:#f6f7f9;\nbackground-image:unset;\n}\n<\/style>\n<div id='av_section_3'  class='avia-section av-k6gtk28y-4e19c8dba57f8c7b51915cbe11721811 main_color avia-section-large avia-no-border-styling  avia-builder-el-7  el_after_av_section  el_before_av_section  avia-bg-style-scroll container_wrap fullsize'  ><div class='container av-section-cont-open' ><div class='template-page content  av-content-full alpha units'><div class='post-entry post-entry-type-page post-entry-20920'><div class='entry-content-wrapper clearfix'>\n<div class='flex_column_table av-4sc29q-1976f38534996f6c1a1264bb621e3f57 sc-av_three_fifth av-equal-height-column-flextable'>\n<style type=\"text\/css\" data-created_by=\"avia_inline_auto\" id=\"style-css-av-4sc29q-1976f38534996f6c1a1264bb621e3f57\">\n.flex_column.av-4sc29q-1976f38534996f6c1a1264bb621e3f57{\nborder-radius:0px 0px 0px 0px;\npadding:0px 0px 0px 0px;\n}\n<\/style>\n<div  class='flex_column av-4sc29q-1976f38534996f6c1a1264bb621e3f57 av_three_fifth  avia-builder-el-8  el_before_av_two_fifth  avia-builder-el-first  first flex_column_table_cell av-equal-height-column av-align-middle av-zero-column-padding  '     ><section  class='av_textblock_section av-k6gu7ltz-588363cfafdbc7567a53b63bca9ace09 '   itemscope=\"itemscope\" itemtype=\"https:\/\/schema.org\/CreativeWork\" ><div class='avia_textblock'  itemprop=\"text\" ><h2>Untergeordnete Skills<\/h2>\n<hr \/>\n<p><span style=\"font-weight: 400;\">Sie k\u00f6nnen die verschiedenen Skills in weiter untergeordnete Spezialisierungen aufgliedern und so Ihre Mitarbeiter und Schichten noch genau in Ihre fachlichen F\u00e4higkeiten einteilen.<\/span><\/p>\n<p><span style=\"font-weight: 400;\">Dazu gehen Sie unter <\/span><strong>Skills<\/strong><span style=\"font-weight: 400;\"> und w\u00e4hlen den betreffenden Skill aus und klicken auf <\/span><strong>Neue Spezialisierung in [..]<\/strong><span style=\"font-weight: 400;\"><strong>.<\/strong> Ansonsten klicken Sie gleich auf <\/span><strong>Neuer Skill<\/strong><span style=\"font-weight: 400;\"> und tragen manuell, unter <\/span><strong>Untergeordnetes Skill von<\/strong><span style=\"font-weight: 400;\">,<\/span> <span style=\"font-weight: 400;\">den \u00dcbergeordneten Skill ein. Hier empfiehlt es sich auch wieder eine Farbe auszuw\u00e4hlen um Ihnen die \u00dcbersicht zu gew\u00e4hrleisten.\u00a0<\/span><\/p>\n<p><span style=\"font-weight: 400;\">Sie k\u00f6nnen innerhalb einen Skill beliebig viele Spezialisierungen haben.<\/span><\/p>\n<\/div><\/section><\/div><div class='av-flex-placeholder'><\/div>\n<style type=\"text\/css\" data-created_by=\"avia_inline_auto\" id=\"style-css-av-24ucjy-669039843fc86e8eb3192a8dcbe7e01e\">\n.flex_column.av-24ucjy-669039843fc86e8eb3192a8dcbe7e01e{\nborder-radius:0px 0px 0px 0px;\npadding:0px 0px 0px 0px;\n}\n<\/style>\n<div  class='flex_column av-24ucjy-669039843fc86e8eb3192a8dcbe7e01e av_two_fifth  avia-builder-el-10  el_after_av_three_fifth  avia-builder-el-last  flex_column_table_cell av-equal-height-column av-align-middle av-animated-generic right-to-left av-zero-column-padding  '     ><style type=\"text\/css\" data-created_by=\"avia_inline_auto\" id=\"style-css-av-1623uua-d17007c1e99905fe7b4fb81482980f83\">\n.avia-image-container.av-1623uua-d17007c1e99905fe7b4fb81482980f83 img.avia_image{\nbox-shadow:none;\n}\n.avia-image-container.av-1623uua-d17007c1e99905fe7b4fb81482980f83 .av-image-caption-overlay-center{\ncolor:#ffffff;\n}\n<\/style>\n<div  class='avia-image-container av-1623uua-d17007c1e99905fe7b4fb81482980f83 av-styling- av-img-linked avia-align-center  avia-builder-el-11  avia-builder-el-no-sibling '   itemprop=\"image\" itemscope=\"itemscope\" itemtype=\"https:\/\/schema.org\/ImageObject\" ><div class=\"avia-image-container-inner\"><div class=\"avia-image-overlay-wrap\"><a href=\"https:\/\/wpstaging.timetrackapp.com\/wp-content\/uploads\/2021\/11\/untergeordnete-skills-1-1030x720.png\" data-srcset=\"https:\/\/wpstaging.timetrackapp.com\/wp-content\/uploads\/2021\/11\/untergeordnete-skills-1-1030x720.png 1030w, https:\/\/wpstaging.timetrackapp.com\/wp-content\/uploads\/2021\/11\/untergeordnete-skills-1-300x210.png 300w, https:\/\/wpstaging.timetrackapp.com\/wp-content\/uploads\/2021\/11\/untergeordnete-skills-1-768x537.png 768w, https:\/\/wpstaging.timetrackapp.com\/wp-content\/uploads\/2021\/11\/untergeordnete-skills-1-1536x1074.png 1536w, https:\/\/wpstaging.timetrackapp.com\/wp-content\/uploads\/2021\/11\/untergeordnete-skills-1-1500x1049.png 1500w, https:\/\/wpstaging.timetrackapp.com\/wp-content\/uploads\/2021\/11\/untergeordnete-skills-1-705x493.png 705w, https:\/\/wpstaging.timetrackapp.com\/wp-content\/uploads\/2021\/11\/untergeordnete-skills-1-595xh.png 595w, https:\/\/wpstaging.timetrackapp.com\/wp-content\/uploads\/2021\/11\/untergeordnete-skills-1.png 1663w\" data-sizes=\"(max-width: 1030px) 100vw, 1030px\" class='avia_image '  aria-label='untergeordnete-skills'><img decoding=\"async\" fetchpriority=\"high\" class='wp-image-20258 avia-img-lazy-loading-not-20258 avia_image ' src=\"https:\/\/wpstaging.timetrackapp.com\/wp-content\/uploads\/2021\/11\/untergeordnete-skills-1.png\" alt='Standorte und Arbeitsbereiche - Untergeordnete Skills' title='untergeordnete-skills'  height=\"1163\" width=\"1663\"  itemprop=\"thumbnailUrl\" srcset=\"https:\/\/wpstaging.timetrackapp.com\/wp-content\/uploads\/2021\/11\/untergeordnete-skills-1.png 1663w, https:\/\/wpstaging.timetrackapp.com\/wp-content\/uploads\/2021\/11\/untergeordnete-skills-1-300x210.png 300w, https:\/\/wpstaging.timetrackapp.com\/wp-content\/uploads\/2021\/11\/untergeordnete-skills-1-1030x720.png 1030w, https:\/\/wpstaging.timetrackapp.com\/wp-content\/uploads\/2021\/11\/untergeordnete-skills-1-768x537.png 768w, https:\/\/wpstaging.timetrackapp.com\/wp-content\/uploads\/2021\/11\/untergeordnete-skills-1-1536x1074.png 1536w, https:\/\/wpstaging.timetrackapp.com\/wp-content\/uploads\/2021\/11\/untergeordnete-skills-1-1500x1049.png 1500w, https:\/\/wpstaging.timetrackapp.com\/wp-content\/uploads\/2021\/11\/untergeordnete-skills-1-705x493.png 705w, https:\/\/wpstaging.timetrackapp.com\/wp-content\/uploads\/2021\/11\/untergeordnete-skills-1-595xh.png 595w\" sizes=\"(max-width: 1663px) 100vw, 1663px\" \/><\/a><\/div><\/div><\/div><\/div><\/div><!--close column table wrapper. Autoclose: 1 -->\n\n<\/div><\/div><\/div><!-- close content main div --><\/div><\/div>\n<style type=\"text\/css\" data-created_by=\"avia_inline_auto\" id=\"style-css-av-k6gtk28y-8b4163c2a0944ea231484dec6f658ff0\">\n.avia-section.av-k6gtk28y-8b4163c2a0944ea231484dec6f658ff0{\nbackground-color:#fffcfc;\nbackground-image:unset;\n}\n<\/style>\n<div id='macbook-flex-mobile'  class='avia-section av-k6gtk28y-8b4163c2a0944ea231484dec6f658ff0 main_color avia-section-large avia-no-border-styling  avia-builder-el-12  el_after_av_section  el_before_av_section  avia-bg-style-scroll container_wrap fullsize'  ><div class='container av-section-cont-open' ><div class='template-page content  av-content-full alpha units'><div class='post-entry post-entry-type-page post-entry-20920'><div class='entry-content-wrapper clearfix'>\n<div class='flex_column_table av-24ucjy-69b24472c7117e37ff43435e82130bc9 sc-av_two_fifth av-equal-height-column-flextable'>\n<style type=\"text\/css\" data-created_by=\"avia_inline_auto\" id=\"style-css-av-24ucjy-69b24472c7117e37ff43435e82130bc9\">\n.flex_column.av-24ucjy-69b24472c7117e37ff43435e82130bc9{\nborder-radius:0px 0px 0px 0px;\npadding:0px 0px 0px 0px;\n}\n<\/style>\n<div  class='flex_column av-24ucjy-69b24472c7117e37ff43435e82130bc9 av_two_fifth  avia-builder-el-13  el_before_av_three_fifth  avia-builder-el-first  first flex_column_table_cell av-equal-height-column av-align-middle av-animated-generic left-to-right av-zero-column-padding  '     ><style type=\"text\/css\" data-created_by=\"avia_inline_auto\" id=\"style-css-av-j7cxz6-455891564ecee9b57c9b3e2241dfd477\">\n.avia-image-container.av-j7cxz6-455891564ecee9b57c9b3e2241dfd477 img.avia_image{\nbox-shadow:none;\n}\n.avia-image-container.av-j7cxz6-455891564ecee9b57c9b3e2241dfd477 .av-image-caption-overlay-center{\ncolor:#ffffff;\n}\n<\/style>\n<div  class='avia-image-container av-j7cxz6-455891564ecee9b57c9b3e2241dfd477 av-styling- av-img-linked avia-align-center  avia-builder-el-14  avia-builder-el-no-sibling '   itemprop=\"image\" itemscope=\"itemscope\" itemtype=\"https:\/\/schema.org\/ImageObject\" ><div class=\"avia-image-container-inner\"><div class=\"avia-image-overlay-wrap\"><a href=\"https:\/\/wpstaging.timetrackapp.com\/wp-content\/uploads\/2021\/11\/mitarbeiter-den-skills-zuweisen-1030x783.png\" data-srcset=\"https:\/\/wpstaging.timetrackapp.com\/wp-content\/uploads\/2021\/11\/mitarbeiter-den-skills-zuweisen-1030x783.png 1030w, https:\/\/wpstaging.timetrackapp.com\/wp-content\/uploads\/2021\/11\/mitarbeiter-den-skills-zuweisen-300x228.png 300w, https:\/\/wpstaging.timetrackapp.com\/wp-content\/uploads\/2021\/11\/mitarbeiter-den-skills-zuweisen-768x584.png 768w, https:\/\/wpstaging.timetrackapp.com\/wp-content\/uploads\/2021\/11\/mitarbeiter-den-skills-zuweisen-705x536.png 705w, https:\/\/wpstaging.timetrackapp.com\/wp-content\/uploads\/2021\/11\/mitarbeiter-den-skills-zuweisen-595xh.png 595w, https:\/\/wpstaging.timetrackapp.com\/wp-content\/uploads\/2021\/11\/mitarbeiter-den-skills-zuweisen.png 1425w\" data-sizes=\"(max-width: 1030px) 100vw, 1030px\" class='avia_image '  aria-label='mitarbeiter-den-skills-zuweisen'><img decoding=\"async\" fetchpriority=\"high\" class='wp-image-20267 avia-img-lazy-loading-not-20267 avia_image ' src=\"https:\/\/wpstaging.timetrackapp.com\/wp-content\/uploads\/2021\/11\/mitarbeiter-den-skills-zuweisen.png\" alt='Standorte und Arbeitsbereiche - Mitarbeiter den Skills zuweisen' title='mitarbeiter-den-skills-zuweisen'  height=\"1083\" width=\"1425\"  itemprop=\"thumbnailUrl\" srcset=\"https:\/\/wpstaging.timetrackapp.com\/wp-content\/uploads\/2021\/11\/mitarbeiter-den-skills-zuweisen.png 1425w, https:\/\/wpstaging.timetrackapp.com\/wp-content\/uploads\/2021\/11\/mitarbeiter-den-skills-zuweisen-300x228.png 300w, https:\/\/wpstaging.timetrackapp.com\/wp-content\/uploads\/2021\/11\/mitarbeiter-den-skills-zuweisen-1030x783.png 1030w, https:\/\/wpstaging.timetrackapp.com\/wp-content\/uploads\/2021\/11\/mitarbeiter-den-skills-zuweisen-768x584.png 768w, https:\/\/wpstaging.timetrackapp.com\/wp-content\/uploads\/2021\/11\/mitarbeiter-den-skills-zuweisen-705x536.png 705w, https:\/\/wpstaging.timetrackapp.com\/wp-content\/uploads\/2021\/11\/mitarbeiter-den-skills-zuweisen-595xh.png 595w\" sizes=\"(max-width: 1425px) 100vw, 1425px\" \/><\/a><\/div><\/div><\/div><\/div><div class='av-flex-placeholder'><\/div>\n<style type=\"text\/css\" data-created_by=\"avia_inline_auto\" id=\"style-css-av-4sc29q-39efc36308f0323db3e541535d187f17\">\n.flex_column.av-4sc29q-39efc36308f0323db3e541535d187f17{\nborder-radius:0px 0px 0px 0px;\npadding:0px 0px 0px 0px;\n}\n<\/style>\n<div  class='flex_column av-4sc29q-39efc36308f0323db3e541535d187f17 av_three_fifth  avia-builder-el-15  el_after_av_two_fifth  avia-builder-el-last  flex_column_table_cell av-equal-height-column av-align-middle av-zero-column-padding  '     ><section  class='av_textblock_section av-k6gu7ltz-588363cfafdbc7567a53b63bca9ace09 '   itemscope=\"itemscope\" itemtype=\"https:\/\/schema.org\/CreativeWork\" ><div class='avia_textblock'  itemprop=\"text\" ><h2>Mitarbeiter den Skills zuweisen<\/h2>\n<hr \/>\n<p><span style=\"font-weight: 400;\">Um Skills zu bearbeiten und Mitarbeiter hinzuzuf\u00fcgen, w\u00e4hlen Sie den Skill aus und klicken auf <\/span><strong>Bearbeiten<\/strong><span style=\"font-weight: 400;\">.\u00a0<\/span><\/p>\n<p><span style=\"font-weight: 400;\">Sie f\u00fcgen die Mitarbeiter dem Skill zu, indem Sie auf <\/span><strong>Mitarbeiter bearbeiten<\/strong><span style=\"font-weight: 400;\"> klicken und die daf\u00fcr zutreffenden hinzuf\u00fcgen. Hier haben Sie wieder die M\u00f6glichkeit Ihre Mitarbeiter einzeln oder alle die auf der Seite angezeigt sind zu selektieren. Zus\u00e4tzlich k\u00f6nnen Sie nach ganzen <\/span><i><span style=\"font-weight: 400;\">Abteilungen<\/span><\/i><span style=\"font-weight: 400;\">, dank des Suchfelds nach <\/span><i><span style=\"font-weight: 400;\">einzelnen Mitarbeiter<\/span><\/i><span style=\"font-weight: 400;\"> oder nach <\/span><i><span style=\"font-weight: 400;\">nur Mitarbeiter ohne zugewiesenen Skill <\/span><\/i><span style=\"font-weight: 400;\">filtern. Speichern Sie Ihre Auswahl mit dem <\/span><strong>Speicher<\/strong> <span style=\"font-weight: 400;\">Button unten rechts.\u00a0<\/span><\/p>\n<p><span style=\"font-weight: 400;\">Wiederholen Sie das solange bis alle Mitarbeiter ihren entsprechenden Skills zugeordnet sind, dabei k\u00f6nnen Sie auch einen Mitarbeiter mehrere Skills zuweisen.<\/span><\/p>\n<\/div><\/section><\/div><\/div><!--close column table wrapper. Autoclose: 1 -->\n\n<\/div><\/div><\/div><!-- close content main div --><\/div><\/div>\n<style type=\"text\/css\" data-created_by=\"avia_inline_auto\" id=\"style-css-av-kou4ulk1-f5eca97098fc8a4b6d44b9052269b3a6\">\n.avia-section.av-kou4ulk1-f5eca97098fc8a4b6d44b9052269b3a6{\nbackground-color:#f6f7f9;\nbackground-image:unset;\n}\n<\/style>\n<div id='av_section_5'  class='avia-section av-kou4ulk1-f5eca97098fc8a4b6d44b9052269b3a6 main_color avia-section-default avia-no-border-styling  avia-builder-el-17  el_after_av_section  avia-builder-el-last  avia-bg-style-scroll container_wrap fullsize'  ><div class='container av-section-cont-open' ><div class='template-page content  av-content-full alpha units'><div class='post-entry post-entry-type-page post-entry-20920'><div class='entry-content-wrapper clearfix'>\n\n<style type=\"text\/css\" data-created_by=\"avia_inline_auto\" id=\"style-css-av-11fgg2j-aee19920629fcc36177972475fd4c3bf\">\n.flex_column.av-11fgg2j-aee19920629fcc36177972475fd4c3bf{\nborder-radius:0px 0px 0px 0px;\npadding:0px 0px 0px 0px;\n}\n<\/style>\n<div  class='flex_column av-11fgg2j-aee19920629fcc36177972475fd4c3bf av_one_fourth  avia-builder-el-18  el_before_av_three_fourth  avia-builder-el-first  first flex_column_div av-zero-column-padding  '     ><style type=\"text\/css\" data-created_by=\"avia_inline_auto\" id=\"style-css-av-kou4lj2l-843b076f71a15f96e5e0c8470cda4da0\">\n.avia-image-container.av-kou4lj2l-843b076f71a15f96e5e0c8470cda4da0 img.avia_image{\nbox-shadow:none;\n}\n.avia-image-container.av-kou4lj2l-843b076f71a15f96e5e0c8470cda4da0 .av-image-caption-overlay-center{\ncolor:#ffffff;\n}\n<\/style>\n<div  class='avia-image-container av-kou4lj2l-843b076f71a15f96e5e0c8470cda4da0 av-styling- avia-align-center  avia-builder-el-19  avia-builder-el-no-sibling '   itemprop=\"image\" itemscope=\"itemscope\" itemtype=\"https:\/\/schema.org\/ImageObject\" ><div class=\"avia-image-container-inner\"><div class=\"avia-image-overlay-wrap\"><img decoding=\"async\" fetchpriority=\"high\" class='wp-image-49518 avia-img-lazy-loading-not-49518 avia_image ' src=\"https:\/\/wpstaging.timetrackapp.com\/wp-content\/uploads\/2024\/02\/Polina.png\" alt='polina' title='Polina'  height=\"638\" width=\"616\"  itemprop=\"thumbnailUrl\" srcset=\"https:\/\/wpstaging.timetrackapp.com\/wp-content\/uploads\/2024\/02\/Polina.png 616w, https:\/\/wpstaging.timetrackapp.com\/wp-content\/uploads\/2024\/02\/Polina-290x300.png 290w, https:\/\/wpstaging.timetrackapp.com\/wp-content\/uploads\/2024\/02\/Polina-36x36.png 36w, https:\/\/wpstaging.timetrackapp.com\/wp-content\/uploads\/2024\/02\/Polina-595xh.png 595w\" sizes=\"(max-width: 616px) 100vw, 616px\" \/><\/div><\/div><\/div><\/div>\n<style type=\"text\/css\" data-created_by=\"avia_inline_auto\" id=\"style-css-av-2e5n0b-6997319291afd45d7710274255068c8e\">\n.flex_column.av-2e5n0b-6997319291afd45d7710274255068c8e{\nborder-radius:0px 0px 0px 0px;\npadding:0px 0px 0px 0px;\n}\n<\/style>\n<div  class='flex_column av-2e5n0b-6997319291afd45d7710274255068c8e av_three_fourth  avia-builder-el-20  el_after_av_one_fourth  avia-builder-el-last  flex_column_div av-zero-column-padding  '     ><p>\n<style type=\"text\/css\" data-created_by=\"avia_inline_auto\" id=\"style-css-av-kou4vu7l-b78063b5fe39ef1a027487d4b7453574\">\n#top .hr.av-kou4vu7l-b78063b5fe39ef1a027487d4b7453574{\nmargin-top:15px;\nmargin-bottom:15px;\n}\n.hr.av-kou4vu7l-b78063b5fe39ef1a027487d4b7453574 .hr-inner{\nwidth:50px;\n}\n<\/style>\n<div  class='hr av-kou4vu7l-b78063b5fe39ef1a027487d4b7453574 hr-custom  avia-builder-el-21  el_before_av_textblock  avia-builder-el-first  hr-center hr-icon-no'><span class='hr-inner inner-border-av-border-none'><span class=\"hr-inner-style\"><\/span><\/span><\/div><br \/>\n<section  class='av_textblock_section av-kou4sdkl-98c8b90f2b8cb596f7699f0ec37349b3 '   itemscope=\"itemscope\" itemtype=\"https:\/\/schema.org\/CreativeWork\" ><div class='avia_textblock'  itemprop=\"text\" ><h3>Haben Sie Fragen?<\/h3>\n<p>Wir helfen Ihnen gerne weiter!<\/p>\n<p>Kontaktieren Sie Polina aus unserem Support Team:<\/p>\n<p><a href=\"mailto:support@timetrackenterprise.com\">support@timetrackenterprise.com<\/a><\/p>\n<\/div><\/section><br \/>\n\n<style type=\"text\/css\" data-created_by=\"avia_inline_auto\" id=\"style-css-av-kou4vu7l-350f3327014105e58f4c5b992c3f9a07\">\n#top .hr.av-kou4vu7l-350f3327014105e58f4c5b992c3f9a07{\nmargin-top:10px;\nmargin-bottom:10px;\n}\n.hr.av-kou4vu7l-350f3327014105e58f4c5b992c3f9a07 .hr-inner{\nwidth:50px;\n}\n<\/style>\n<div  class='hr av-kou4vu7l-350f3327014105e58f4c5b992c3f9a07 hr-custom  avia-builder-el-23  el_after_av_textblock  avia-builder-el-last  hr-center hr-icon-no'><span class='hr-inner inner-border-av-border-none'><span class=\"hr-inner-style\"><\/span><\/span><\/div><\/p><\/div>\n","protected":false},"excerpt":{"rendered":"","protected":false},"author":20,"featured_media":0,"parent":18560,"menu_order":0,"comment_status":"closed","ping_status":"closed","template":"","meta":{"footnotes":""},"categories":[],"tags":[],"class_list":["post-20920","page","type-page","status-publish","hentry","info_center_category-search-info-center-en"],"_links":{"self":[{"href":"https:\/\/wpstaging.timetrackapp.com\/en\/wp-json\/wp\/v2\/pages\/20920","targetHints":{"allow":["GET"]}}],"collection":[{"href":"https:\/\/wpstaging.timetrackapp.com\/en\/wp-json\/wp\/v2\/pages"}],"about":[{"href":"https:\/\/wpstaging.timetrackapp.com\/en\/wp-json\/wp\/v2\/types\/page"}],"author":[{"embeddable":true,"href":"https:\/\/wpstaging.timetrackapp.com\/en\/wp-json\/wp\/v2\/users\/20"}],"replies":[{"embeddable":true,"href":"https:\/\/wpstaging.timetrackapp.com\/en\/wp-json\/wp\/v2\/comments?post=20920"}],"version-history":[{"count":0,"href":"https:\/\/wpstaging.timetrackapp.com\/en\/wp-json\/wp\/v2\/pages\/20920\/revisions"}],"up":[{"embeddable":true,"href":"https:\/\/wpstaging.timetrackapp.com\/en\/wp-json\/wp\/v2\/pages\/18560"}],"wp:attachment":[{"href":"https:\/\/wpstaging.timetrackapp.com\/en\/wp-json\/wp\/v2\/media?parent=20920"}],"wp:term":[{"taxonomy":"category","embeddable":true,"href":"https:\/\/wpstaging.timetrackapp.com\/en\/wp-json\/wp\/v2\/categories?post=20920"},{"taxonomy":"post_tag","embeddable":true,"href":"https:\/\/wpstaging.timetrackapp.com\/en\/wp-json\/wp\/v2\/tags?post=20920"}],"curies":[{"name":"wp","href":"https:\/\/api.w.org\/{rel}","templated":true}]}}